{"id":535,"date":"2025-02-12T23:24:52","date_gmt":"2025-02-12T23:24:52","guid":{"rendered":"https:\/\/lutfutatli.com\/spor-cerrahisi-ve-cerrahi-sureci\/"},"modified":"2025-03-21T22:22:31","modified_gmt":"2025-03-21T22:22:31","slug":"sports-surgery-and-surgical-process","status":"publish","type":"page","link":"https:\/\/lutfutatli.com\/en\/sports-surgery-and-surgical-process\/","title":{"rendered":"Sports Surgery and Surgical Process"},"content":{"rendered":"\t\t<div data-elementor-type=\"wp-page\" data-elementor-id=\"535\" class=\"elementor elementor-535\">\n\t\t\t\t\t\t<section class=\"elementor-section elementor-top-section elementor-element elementor-element-77d879c6 elementor-section-boxed elementor-section-height-default elementor-section-height-default\" data-id=\"77d879c6\" data-element_type=\"section\" data-settings=\"{&quot;background_background&quot;:&quot;classic&quot;}\">\n\t\t\t\t\t\t\t<div class=\"elementor-background-overlay\"><\/div>\n\t\t\t\t\t\t\t<div class=\"elementor-container elementor-column-gap-default\">\n\t\t\t\t\t<div class=\"elementor-column elementor-col-100 elementor-top-column elementor-element elementor-element-64a569a2\" data-id=\"64a569a2\" data-element_type=\"column\">\n\t\t\t<div class=\"elementor-widget-wrap elementor-element-populated\">\n\t\t\t\t\t\t<div class=\"elementor-element elementor-element-462f9da9 elementor-widget elementor-widget-heading\" data-id=\"462f9da9\" data-element_type=\"widget\" data-widget_type=\"heading.default\">\n\t\t\t\t<div class=\"elementor-widget-container\">\n\t\t\t\t\t<h2 class=\"elementor-heading-title elementor-size-default\">Sports Surgery and Surgical Process<\/h2>\t\t\t\t<\/div>\n\t\t\t\t<\/div>\n\t\t\t\t<div class=\"elementor-element elementor-element-28176cb7 elementor-widget elementor-widget-image\" data-id=\"28176cb7\" data-element_type=\"widget\" data-widget_type=\"image.default\">\n\t\t\t\t<div class=\"elementor-widget-container\">\n\t\t\t\t\t\t\t\t\t\t\t\t\t\t\t<img fetchpriority=\"high\" decoding=\"async\" width=\"3510\" height=\"2340\" src=\"https:\/\/lutfutatli.com\/wp-content\/uploads\/2025\/02\/3-1.png\" class=\"attachment-full size-full wp-image-127\" alt=\"\" srcset=\"https:\/\/lutfutatli.com\/wp-content\/uploads\/2025\/02\/3-1.png 3510w, https:\/\/lutfutatli.com\/wp-content\/uploads\/2025\/02\/3-1-300x200.png 300w, https:\/\/lutfutatli.com\/wp-content\/uploads\/2025\/02\/3-1-1024x683.png 1024w, https:\/\/lutfutatli.com\/wp-content\/uploads\/2025\/02\/3-1-768x512.png 768w, https:\/\/lutfutatli.com\/wp-content\/uploads\/2025\/02\/3-1-1536x1024.png 1536w, https:\/\/lutfutatli.com\/wp-content\/uploads\/2025\/02\/3-1-2048x1365.png 2048w\" sizes=\"(max-width: 3510px) 100vw, 3510px\" \/>\t\t\t\t\t\t\t\t\t\t\t\t\t\t\t<\/div>\n\t\t\t\t<\/div>\n\t\t\t\t<section class=\"elementor-section elementor-inner-section elementor-element elementor-element-20fcb0f9 elementor-section-boxed elementor-section-height-default elementor-section-height-default\" data-id=\"20fcb0f9\" data-element_type=\"section\">\n\t\t\t\t\t\t<div class=\"elementor-container elementor-column-gap-default\">\n\t\t\t\t\t<div class=\"elementor-column elementor-col-100 elementor-inner-column elementor-element elementor-element-29942dcc\" data-id=\"29942dcc\" data-element_type=\"column\">\n\t\t\t<div class=\"elementor-widget-wrap elementor-element-populated\">\n\t\t\t\t\t\t<div class=\"elementor-element elementor-element-4f5a0759 elementor-widget elementor-widget-text-editor\" data-id=\"4f5a0759\" data-element_type=\"widget\" data-widget_type=\"text-editor.default\">\n\t\t\t\t<div class=\"elementor-widget-container\">\n\t\t\t\t\t\t\t\t\t<p>Sports surgery is a specialized field of orthopedics focused on treating musculoskeletal injuries faced by both professional and amateur athletes. Sports injuries can cause severe damage to joints and connective tissues, leading to mobility limitations and performance loss. Sports surgery aims to provide fast and effective treatment methods, helping athletes return to their active lifestyles as soon as possible.<\/p><h3>Surgical Process:<\/h3><ol><li><p><strong>Examination and Diagnosis:<\/strong> A detailed assessment of the patient&#8217;s injury history and physical condition is conducted. Imaging methods such as MRI, CT scans, and X-rays are used to determine the extent of the damage.<\/p><\/li><li><p><strong>Treatment Planning:<\/strong> Based on the severity of the injury, treatment options are determined, either conservative (non-surgical) or surgical. For mild cases, medication, physical therapy, and rehabilitation are recommended, while more serious injuries may require surgical intervention.<\/p><\/li><li><p><strong>Surgery:<\/strong> Today, <strong>arthroscopic (minimally invasive)<\/strong> surgical techniques are commonly used in sports surgery. This procedure involves small incisions, which shorten recovery times and reduce the risk of infection. Common surgeries include ligament and meniscus repairs, cartilage transfers, and tendon repairs, particularly for the knee, shoulder, ankle, elbow, and hip joints.<\/p><\/li><li><p><strong>Post-Surgery Process:<\/strong> After surgery, a personalized physical therapy and rehabilitation program is created depending on the patient&#8217;s condition. This stage is crucial for regaining muscle strength and restoring full joint function.<\/p><\/li><li><p><strong>Recovery and Return to Sports:<\/strong> The return-to-sport timeline varies depending on the type of injury and the patient&#8217;s physical condition. Recovery from mild injuries typically takes a few weeks, while more severe injuries may take several months. Regular check-ups monitor the recovery process and ensure that the athlete safely returns to their active life.<\/p><\/li><\/ol><p>Sports surgery is not only crucial for athletes but also for anyone leading an active lifestyle. With the right intervention and a professional rehabilitation process, patients can maximize their performance and continue moving healthily.<\/p>\t\t\t\t\t\t\t\t<\/div>\n\t\t\t\t<\/div>\n\t\t\t\t<div class=\"elementor-element elementor-element-4eacb85a elementor-widget elementor-widget-spacer\" data-id=\"4eacb85a\" data-element_type=\"widget\" data-widget_type=\"spacer.default\">\n\t\t\t\t<div class=\"elementor-widget-container\">\n\t\t\t\t\t\t\t<div class=\"elementor-spacer\">\n\t\t\t<div class=\"elementor-spacer-inner\"><\/div>\n\t\t<\/div>\n\t\t\t\t\t\t<\/div>\n\t\t\t\t<\/div>\n\t\t\t\t\t<\/div>\n\t\t<\/div>\n\t\t\t\t\t<\/div>\n\t\t<\/section>\n\t\t\t\t\t<\/div>\n\t\t<\/div>\n\t\t\t\t\t<\/div>\n\t\t<\/section>\n\t\t\t\t<\/div>\n\t\t","protected":false},"excerpt":{"rendered":"<p>Sports Surgery and Surgical Process Sports surgery is a specialized field of orthopedics focused on treating musculoskeletal injuries faced by both professional and amateur athletes. Sports injuries can cause severe damage to joints and connective tissues, leading to mobility limitations and performance loss. Sports surgery aims to provide fast and effective treatment methods, helping athletes [&hellip;]<\/p>\n","protected":false},"author":1,"featured_media":0,"parent":0,"menu_order":0,"comment_status":"closed","ping_status":"closed","template":"elementor_header_footer","meta":{"_joinchat":[],"footnotes":""},"class_list":["post-535","page","type-page","status-publish","hentry"],"yoast_head":"<!-- This site is optimized with the Yoast SEO plugin v26.2 - https:\/\/yoast.com\/wordpress\/plugins\/seo\/ -->\n<title>Sports Surgery and Surgical Process - Op. Dr. L\u00fctf\u00fc Tatl\u0131<\/title>\n<meta name=\"robots\" content=\"index, follow, max-snippet:-1, max-image-preview:large, max-video-preview:-1\" \/>\n<link rel=\"canonical\" href=\"https:\/\/lutfutatli.com\/en\/sports-surgery-and-surgical-process\/\" \/>\n<meta property=\"og:locale\" content=\"en_US\" \/>\n<meta property=\"og:type\" content=\"article\" \/>\n<meta property=\"og:title\" content=\"Sports Surgery and Surgical Process - Op. Dr. L\u00fctf\u00fc Tatl\u0131\" \/>\n<meta property=\"og:description\" content=\"Sports Surgery and Surgical Process Sports surgery is a specialized field of orthopedics focused on treating musculoskeletal injuries faced by both professional and amateur athletes. Sports injuries can cause severe damage to joints and connective tissues, leading to mobility limitations and performance loss. Sports surgery aims to provide fast and effective treatment methods, helping athletes [&hellip;]\" \/>\n<meta property=\"og:url\" content=\"https:\/\/lutfutatli.com\/en\/sports-surgery-and-surgical-process\/\" \/>\n<meta property=\"og:site_name\" content=\"Op. Dr. L\u00fctf\u00fc Tatl\u0131\" \/>\n<meta property=\"article:modified_time\" content=\"2025-03-21T22:22:31+00:00\" \/>\n<meta property=\"og:image\" content=\"https:\/\/lutfutatli.com\/wp-content\/uploads\/2025\/02\/3-1-1024x683.png\" \/>\n\t<meta property=\"og:image:width\" content=\"1024\" \/>\n\t<meta property=\"og:image:height\" content=\"683\" \/>\n\t<meta property=\"og:image:type\" content=\"image\/png\" \/>\n<meta name=\"twitter:card\" content=\"summary_large_image\" \/>\n<meta name=\"twitter:label1\" content=\"Est. reading time\" \/>\n\t<meta name=\"twitter:data1\" content=\"2 minutes\" \/>\n<script type=\"application\/ld+json\" class=\"yoast-schema-graph\">{\"@context\":\"https:\/\/schema.org\",\"@graph\":[{\"@type\":\"WebPage\",\"@id\":\"https:\/\/lutfutatli.com\/en\/sports-surgery-and-surgical-process\/\",\"url\":\"https:\/\/lutfutatli.com\/en\/sports-surgery-and-surgical-process\/\",\"name\":\"Sports Surgery and Surgical Process - Op. Dr. L\u00fctf\u00fc Tatl\u0131\",\"isPartOf\":{\"@id\":\"https:\/\/lutfutatli.com\/#website\"},\"primaryImageOfPage\":{\"@id\":\"https:\/\/lutfutatli.com\/en\/sports-surgery-and-surgical-process\/#primaryimage\"},\"image\":{\"@id\":\"https:\/\/lutfutatli.com\/en\/sports-surgery-and-surgical-process\/#primaryimage\"},\"thumbnailUrl\":\"https:\/\/lutfutatli.com\/wp-content\/uploads\/2025\/02\/3-1.png\",\"datePublished\":\"2025-02-12T23:24:52+00:00\",\"dateModified\":\"2025-03-21T22:22:31+00:00\",\"breadcrumb\":{\"@id\":\"https:\/\/lutfutatli.com\/en\/sports-surgery-and-surgical-process\/#breadcrumb\"},\"inLanguage\":\"en-US\",\"potentialAction\":[{\"@type\":\"ReadAction\",\"target\":[\"https:\/\/lutfutatli.com\/en\/sports-surgery-and-surgical-process\/\"]}]},{\"@type\":\"ImageObject\",\"inLanguage\":\"en-US\",\"@id\":\"https:\/\/lutfutatli.com\/en\/sports-surgery-and-surgical-process\/#primaryimage\",\"url\":\"https:\/\/lutfutatli.com\/wp-content\/uploads\/2025\/02\/3-1.png\",\"contentUrl\":\"https:\/\/lutfutatli.com\/wp-content\/uploads\/2025\/02\/3-1.png\"},{\"@type\":\"BreadcrumbList\",\"@id\":\"https:\/\/lutfutatli.com\/en\/sports-surgery-and-surgical-process\/#breadcrumb\",\"itemListElement\":[{\"@type\":\"ListItem\",\"position\":1,\"name\":\"Anasayfa\",\"item\":\"https:\/\/lutfutatli.com\/en\/\"},{\"@type\":\"ListItem\",\"position\":2,\"name\":\"Sports Surgery and Surgical Process\"}]},{\"@type\":\"WebSite\",\"@id\":\"https:\/\/lutfutatli.com\/#website\",\"url\":\"https:\/\/lutfutatli.com\/\",\"name\":\"Op. Dr. L\u00fctf\u00fc Tatl\u0131\",\"description\":\"\",\"publisher\":{\"@id\":\"https:\/\/lutfutatli.com\/#\/schema\/person\/8d884e2425d848aad76403eedec2939e\"},\"potentialAction\":[{\"@type\":\"SearchAction\",\"target\":{\"@type\":\"EntryPoint\",\"urlTemplate\":\"https:\/\/lutfutatli.com\/?s={search_term_string}\"},\"query-input\":{\"@type\":\"PropertyValueSpecification\",\"valueRequired\":true,\"valueName\":\"search_term_string\"}}],\"inLanguage\":\"en-US\"},{\"@type\":[\"Person\",\"Organization\"],\"@id\":\"https:\/\/lutfutatli.com\/#\/schema\/person\/8d884e2425d848aad76403eedec2939e\",\"name\":\"Op. Dr. L\u00fctf\u00fc Tatl\u0131\",\"image\":{\"@type\":\"ImageObject\",\"inLanguage\":\"en-US\",\"@id\":\"https:\/\/lutfutatli.com\/#\/schema\/person\/image\/\",\"url\":\"https:\/\/lutfutatli.com\/wp-content\/uploads\/2025\/02\/llogo.png\",\"contentUrl\":\"https:\/\/lutfutatli.com\/wp-content\/uploads\/2025\/02\/llogo.png\",\"width\":2420,\"height\":520,\"caption\":\"Op. Dr. L\u00fctf\u00fc Tatl\u0131\"},\"logo\":{\"@id\":\"https:\/\/lutfutatli.com\/#\/schema\/person\/image\/\"},\"sameAs\":[\"https:\/\/lutfutatli.com\",\"https:\/\/www.instagram.com\/drlutfutatli\/\"]}]}<\/script>\n<!-- \/ Yoast SEO plugin. -->","yoast_head_json":{"title":"Sports Surgery and Surgical Process - Op. Dr. L\u00fctf\u00fc Tatl\u0131","robots":{"index":"index","follow":"follow","max-snippet":"max-snippet:-1","max-image-preview":"max-image-preview:large","max-video-preview":"max-video-preview:-1"},"canonical":"https:\/\/lutfutatli.com\/en\/sports-surgery-and-surgical-process\/","og_locale":"en_US","og_type":"article","og_title":"Sports Surgery and Surgical Process - Op. Dr. L\u00fctf\u00fc Tatl\u0131","og_description":"Sports Surgery and Surgical Process Sports surgery is a specialized field of orthopedics focused on treating musculoskeletal injuries faced by both professional and amateur athletes. Sports injuries can cause severe damage to joints and connective tissues, leading to mobility limitations and performance loss. Sports surgery aims to provide fast and effective treatment methods, helping athletes [&hellip;]","og_url":"https:\/\/lutfutatli.com\/en\/sports-surgery-and-surgical-process\/","og_site_name":"Op. Dr. L\u00fctf\u00fc Tatl\u0131","article_modified_time":"2025-03-21T22:22:31+00:00","og_image":[{"width":1024,"height":683,"url":"https:\/\/lutfutatli.com\/wp-content\/uploads\/2025\/02\/3-1-1024x683.png","type":"image\/png"}],"twitter_card":"summary_large_image","twitter_misc":{"Est. reading time":"2 minutes"},"schema":{"@context":"https:\/\/schema.org","@graph":[{"@type":"WebPage","@id":"https:\/\/lutfutatli.com\/en\/sports-surgery-and-surgical-process\/","url":"https:\/\/lutfutatli.com\/en\/sports-surgery-and-surgical-process\/","name":"Sports Surgery and Surgical Process - Op. Dr. L\u00fctf\u00fc Tatl\u0131","isPartOf":{"@id":"https:\/\/lutfutatli.com\/#website"},"primaryImageOfPage":{"@id":"https:\/\/lutfutatli.com\/en\/sports-surgery-and-surgical-process\/#primaryimage"},"image":{"@id":"https:\/\/lutfutatli.com\/en\/sports-surgery-and-surgical-process\/#primaryimage"},"thumbnailUrl":"https:\/\/lutfutatli.com\/wp-content\/uploads\/2025\/02\/3-1.png","datePublished":"2025-02-12T23:24:52+00:00","dateModified":"2025-03-21T22:22:31+00:00","breadcrumb":{"@id":"https:\/\/lutfutatli.com\/en\/sports-surgery-and-surgical-process\/#breadcrumb"},"inLanguage":"en-US","potentialAction":[{"@type":"ReadAction","target":["https:\/\/lutfutatli.com\/en\/sports-surgery-and-surgical-process\/"]}]},{"@type":"ImageObject","inLanguage":"en-US","@id":"https:\/\/lutfutatli.com\/en\/sports-surgery-and-surgical-process\/#primaryimage","url":"https:\/\/lutfutatli.com\/wp-content\/uploads\/2025\/02\/3-1.png","contentUrl":"https:\/\/lutfutatli.com\/wp-content\/uploads\/2025\/02\/3-1.png"},{"@type":"BreadcrumbList","@id":"https:\/\/lutfutatli.com\/en\/sports-surgery-and-surgical-process\/#breadcrumb","itemListElement":[{"@type":"ListItem","position":1,"name":"Anasayfa","item":"https:\/\/lutfutatli.com\/en\/"},{"@type":"ListItem","position":2,"name":"Sports Surgery and Surgical Process"}]},{"@type":"WebSite","@id":"https:\/\/lutfutatli.com\/#website","url":"https:\/\/lutfutatli.com\/","name":"Op. Dr. L\u00fctf\u00fc Tatl\u0131","description":"","publisher":{"@id":"https:\/\/lutfutatli.com\/#\/schema\/person\/8d884e2425d848aad76403eedec2939e"},"potentialAction":[{"@type":"SearchAction","target":{"@type":"EntryPoint","urlTemplate":"https:\/\/lutfutatli.com\/?s={search_term_string}"},"query-input":{"@type":"PropertyValueSpecification","valueRequired":true,"valueName":"search_term_string"}}],"inLanguage":"en-US"},{"@type":["Person","Organization"],"@id":"https:\/\/lutfutatli.com\/#\/schema\/person\/8d884e2425d848aad76403eedec2939e","name":"Op. Dr. L\u00fctf\u00fc Tatl\u0131","image":{"@type":"ImageObject","inLanguage":"en-US","@id":"https:\/\/lutfutatli.com\/#\/schema\/person\/image\/","url":"https:\/\/lutfutatli.com\/wp-content\/uploads\/2025\/02\/llogo.png","contentUrl":"https:\/\/lutfutatli.com\/wp-content\/uploads\/2025\/02\/llogo.png","width":2420,"height":520,"caption":"Op. Dr. L\u00fctf\u00fc Tatl\u0131"},"logo":{"@id":"https:\/\/lutfutatli.com\/#\/schema\/person\/image\/"},"sameAs":["https:\/\/lutfutatli.com","https:\/\/www.instagram.com\/drlutfutatli\/"]}]}},"_links":{"self":[{"href":"https:\/\/lutfutatli.com\/en\/wp-json\/wp\/v2\/pages\/535","targetHints":{"allow":["GET"]}}],"collection":[{"href":"https:\/\/lutfutatli.com\/en\/wp-json\/wp\/v2\/pages"}],"about":[{"href":"https:\/\/lutfutatli.com\/en\/wp-json\/wp\/v2\/types\/page"}],"author":[{"embeddable":true,"href":"https:\/\/lutfutatli.com\/en\/wp-json\/wp\/v2\/users\/1"}],"replies":[{"embeddable":true,"href":"https:\/\/lutfutatli.com\/en\/wp-json\/wp\/v2\/comments?post=535"}],"version-history":[{"count":5,"href":"https:\/\/lutfutatli.com\/en\/wp-json\/wp\/v2\/pages\/535\/revisions"}],"predecessor-version":[{"id":580,"href":"https:\/\/lutfutatli.com\/en\/wp-json\/wp\/v2\/pages\/535\/revisions\/580"}],"wp:attachment":[{"href":"https:\/\/lutfutatli.com\/en\/wp-json\/wp\/v2\/media?parent=535"}],"curies":[{"name":"wp","href":"https:\/\/api.w.org\/{rel}","templated":true}]}}