{"id":529,"date":"2025-02-12T23:28:56","date_gmt":"2025-02-12T23:28:56","guid":{"rendered":"https:\/\/lutfutatli.com\/ortobiyolojik-tedaviler\/"},"modified":"2025-03-21T22:21:47","modified_gmt":"2025-03-21T22:21:47","slug":"orthobiologic-treatments","status":"publish","type":"page","link":"https:\/\/lutfutatli.com\/en\/orthobiologic-treatments\/","title":{"rendered":"Orthobiologic Treatments"},"content":{"rendered":"\t\t<div data-elementor-type=\"wp-page\" data-elementor-id=\"529\" class=\"elementor elementor-529\">\n\t\t\t\t\t\t<section class=\"elementor-section elementor-top-section elementor-element elementor-element-5712691e elementor-section-boxed elementor-section-height-default elementor-section-height-default\" data-id=\"5712691e\" data-element_type=\"section\" data-settings=\"{&quot;background_background&quot;:&quot;classic&quot;}\">\n\t\t\t\t\t\t\t<div class=\"elementor-background-overlay\"><\/div>\n\t\t\t\t\t\t\t<div class=\"elementor-container elementor-column-gap-default\">\n\t\t\t\t\t<div class=\"elementor-column elementor-col-100 elementor-top-column elementor-element elementor-element-6f90ce0c\" data-id=\"6f90ce0c\" data-element_type=\"column\">\n\t\t\t<div class=\"elementor-widget-wrap elementor-element-populated\">\n\t\t\t\t\t\t<div class=\"elementor-element elementor-element-537c0fd6 elementor-widget elementor-widget-heading\" data-id=\"537c0fd6\" data-element_type=\"widget\" data-widget_type=\"heading.default\">\n\t\t\t\t<div class=\"elementor-widget-container\">\n\t\t\t\t\t<h2 class=\"elementor-heading-title elementor-size-default\">Orthobiologic Treatments<\/h2>\t\t\t\t<\/div>\n\t\t\t\t<\/div>\n\t\t\t\t<div class=\"elementor-element elementor-element-4b1f9a55 elementor-widget elementor-widget-image\" data-id=\"4b1f9a55\" data-element_type=\"widget\" data-widget_type=\"image.default\">\n\t\t\t\t<div class=\"elementor-widget-container\">\n\t\t\t\t\t\t\t\t\t\t\t\t\t\t\t<img fetchpriority=\"high\" decoding=\"async\" width=\"3510\" height=\"2340\" src=\"https:\/\/lutfutatli.com\/wp-content\/uploads\/2025\/02\/8-1.png\" class=\"attachment-full size-full wp-image-132\" alt=\"\" srcset=\"https:\/\/lutfutatli.com\/wp-content\/uploads\/2025\/02\/8-1.png 3510w, https:\/\/lutfutatli.com\/wp-content\/uploads\/2025\/02\/8-1-300x200.png 300w, https:\/\/lutfutatli.com\/wp-content\/uploads\/2025\/02\/8-1-1024x683.png 1024w, https:\/\/lutfutatli.com\/wp-content\/uploads\/2025\/02\/8-1-768x512.png 768w, https:\/\/lutfutatli.com\/wp-content\/uploads\/2025\/02\/8-1-1536x1024.png 1536w, https:\/\/lutfutatli.com\/wp-content\/uploads\/2025\/02\/8-1-2048x1365.png 2048w\" sizes=\"(max-width: 3510px) 100vw, 3510px\" \/>\t\t\t\t\t\t\t\t\t\t\t\t\t\t\t<\/div>\n\t\t\t\t<\/div>\n\t\t\t\t<section class=\"elementor-section elementor-inner-section elementor-element elementor-element-77c6018b elementor-section-boxed elementor-section-height-default elementor-section-height-default\" data-id=\"77c6018b\" data-element_type=\"section\">\n\t\t\t\t\t\t<div class=\"elementor-container elementor-column-gap-default\">\n\t\t\t\t\t<div class=\"elementor-column elementor-col-100 elementor-inner-column elementor-element elementor-element-2eeddf13\" data-id=\"2eeddf13\" data-element_type=\"column\">\n\t\t\t<div class=\"elementor-widget-wrap elementor-element-populated\">\n\t\t\t\t\t\t<div class=\"elementor-element elementor-element-29654801 elementor-widget elementor-widget-text-editor\" data-id=\"29654801\" data-element_type=\"widget\" data-widget_type=\"text-editor.default\">\n\t\t\t\t<div class=\"elementor-widget-container\">\n\t\t\t\t\t\t\t\t\t<p>Orthobiological treatments are biological methods that support the treatment of musculoskeletal diseases by utilizing the body\u2019s own natural healing mechanisms. These treatments are especially applied to accelerate healing and reduce pain in joint disorders, cartilage damage, ligament injuries, and degenerative orthopedic diseases. Methods such as fat tissue injections, bone marrow and cord blood stem cell injections, joint injections, collagen injections, and hyaluronic acid injections are emerging as alternatives or supportive treatments to surgery.<\/p><p><strong>Orthobiological Treatment Methods:<\/strong><\/p><p><strong>Fat Tissue Injections<\/strong> Fat tissue, due to its rich stem cell content, shows positive effects on cartilage repair, joint regeneration, and tissue healing. Fat tissue, taken from the patient&#8217;s abdomen or thigh, is processed and then injected into joints, muscles, or ligament tissues. This method can provide long-term healing by reducing joint wear and can enhance the patient\u2019s mobility. It is especially effective for knee, hip, shoulder joint diseases, and tendon injuries.<\/p><p><strong>Bone Marrow and Cord Blood Stem Cell Injections<\/strong> Stem cells, due to their regenerative and restorative properties, accelerate the healing of damaged tissues in the body. Stem cells can be obtained from the patient\u2019s own bone marrow or cord blood collected during childbirth. This method, which directly supports tissue regeneration, is used to treat joint arthritis (osteoarthritis), cartilage loss, sports injuries, and tendon tears.<\/p><p><strong>Joint Injections<\/strong> Injections applied into the joints help reduce pain and improve mobility. Depending on the substance used, they can have anti-inflammatory, lubricating, and tissue-repairing effects. Joint injections, which are a non-surgical treatment option, provide an effective solution for patients suffering from pain and restricted movement in knee, shoulder, hip, and ankle joints.<\/p><p><strong>Collagen Injections<\/strong> Collagen is the primary structural component of connective tissues and helps strengthen joints, tendons, muscles, and ligaments. Collagen injections support the body\u2019s connective tissues, increasing flexibility and durability. This method is used to support muscle and joint health, especially in conditions such as tendinitis, ligament injuries, muscle strains, and joint pain.<\/p><p><strong>Hyaluronic Acid Injections<\/strong> Hyaluronic acid, a substance naturally found in joints, supports joint movement with its lubricating and shock-absorbing properties. These injections, commonly used for the treatment of joint arthritis (osteoarthritis), reduce friction inside the joint, allowing for easier movement and slowing down cartilage damage, offering long-term healing. They are widely used for wear and osteoarthritis issues in knee, hip, shoulder, and ankle joints.<\/p><p><strong>Advantages and Uses of Orthobiological Treatments:<\/strong> Orthobiological treatments speed up natural healing processes, helping the body regenerate itself. Being a non-surgical and low-risk treatment method, it offers a safe alternative for many patients. These treatments provide effective solutions, especially for joint disorders, sports injuries, and cartilage damage, allowing patients to return to a pain-free and active lifestyle. They are commonly used for large joints such as knees, hips, shoulders, and ankles, as well as connective tissue problems. Modern orthopedic treatments, including orthobiological injections, play a crucial role in improving the quality of life and offering a healthier, more mobile future for patients.<\/p>\t\t\t\t\t\t\t\t<\/div>\n\t\t\t\t<\/div>\n\t\t\t\t<div class=\"elementor-element elementor-element-15965da1 elementor-widget elementor-widget-spacer\" data-id=\"15965da1\" data-element_type=\"widget\" data-widget_type=\"spacer.default\">\n\t\t\t\t<div class=\"elementor-widget-container\">\n\t\t\t\t\t\t\t<div class=\"elementor-spacer\">\n\t\t\t<div class=\"elementor-spacer-inner\"><\/div>\n\t\t<\/div>\n\t\t\t\t\t\t<\/div>\n\t\t\t\t<\/div>\n\t\t\t\t\t<\/div>\n\t\t<\/div>\n\t\t\t\t\t<\/div>\n\t\t<\/section>\n\t\t\t\t\t<\/div>\n\t\t<\/div>\n\t\t\t\t\t<\/div>\n\t\t<\/section>\n\t\t\t\t<\/div>\n\t\t","protected":false},"excerpt":{"rendered":"<p>Orthobiologic Treatments Orthobiological treatments are biological methods that support the treatment of musculoskeletal diseases by utilizing the body\u2019s own natural healing mechanisms. These treatments are especially applied to accelerate healing and reduce pain in joint disorders, cartilage damage, ligament injuries, and degenerative orthopedic diseases. Methods such as fat tissue injections, bone marrow and cord blood [&hellip;]<\/p>\n","protected":false},"author":1,"featured_media":0,"parent":0,"menu_order":0,"comment_status":"closed","ping_status":"closed","template":"elementor_header_footer","meta":{"_joinchat":[],"footnotes":""},"class_list":["post-529","page","type-page","status-publish","hentry"],"yoast_head":"<!-- This site is optimized with the Yoast SEO plugin v26.2 - https:\/\/yoast.com\/wordpress\/plugins\/seo\/ -->\n<title>Orthobiologic Treatments - Op. Dr. L\u00fctf\u00fc Tatl\u0131<\/title>\n<meta name=\"robots\" content=\"index, follow, max-snippet:-1, max-image-preview:large, max-video-preview:-1\" \/>\n<link rel=\"canonical\" href=\"https:\/\/lutfutatli.com\/en\/orthobiologic-treatments\/\" \/>\n<meta property=\"og:locale\" content=\"en_US\" \/>\n<meta property=\"og:type\" content=\"article\" \/>\n<meta property=\"og:title\" content=\"Orthobiologic Treatments - Op. Dr. L\u00fctf\u00fc Tatl\u0131\" \/>\n<meta property=\"og:description\" content=\"Orthobiologic Treatments Orthobiological treatments are biological methods that support the treatment of musculoskeletal diseases by utilizing the body\u2019s own natural healing mechanisms. These treatments are especially applied to accelerate healing and reduce pain in joint disorders, cartilage damage, ligament injuries, and degenerative orthopedic diseases. Methods such as fat tissue injections, bone marrow and cord blood [&hellip;]\" \/>\n<meta property=\"og:url\" content=\"https:\/\/lutfutatli.com\/en\/orthobiologic-treatments\/\" \/>\n<meta property=\"og:site_name\" content=\"Op. Dr. L\u00fctf\u00fc Tatl\u0131\" \/>\n<meta property=\"article:modified_time\" content=\"2025-03-21T22:21:47+00:00\" \/>\n<meta property=\"og:image\" content=\"https:\/\/lutfutatli.com\/wp-content\/uploads\/2025\/02\/8-1-1024x683.png\" \/>\n\t<meta property=\"og:image:width\" content=\"1024\" \/>\n\t<meta property=\"og:image:height\" content=\"683\" \/>\n\t<meta property=\"og:image:type\" content=\"image\/png\" \/>\n<meta name=\"twitter:card\" content=\"summary_large_image\" \/>\n<meta name=\"twitter:label1\" content=\"Est. reading time\" \/>\n\t<meta name=\"twitter:data1\" content=\"2 minutes\" \/>\n<script type=\"application\/ld+json\" class=\"yoast-schema-graph\">{\"@context\":\"https:\/\/schema.org\",\"@graph\":[{\"@type\":\"WebPage\",\"@id\":\"https:\/\/lutfutatli.com\/en\/orthobiologic-treatments\/\",\"url\":\"https:\/\/lutfutatli.com\/en\/orthobiologic-treatments\/\",\"name\":\"Orthobiologic Treatments - Op. Dr. L\u00fctf\u00fc Tatl\u0131\",\"isPartOf\":{\"@id\":\"https:\/\/lutfutatli.com\/#website\"},\"primaryImageOfPage\":{\"@id\":\"https:\/\/lutfutatli.com\/en\/orthobiologic-treatments\/#primaryimage\"},\"image\":{\"@id\":\"https:\/\/lutfutatli.com\/en\/orthobiologic-treatments\/#primaryimage\"},\"thumbnailUrl\":\"https:\/\/lutfutatli.com\/wp-content\/uploads\/2025\/02\/8-1.png\",\"datePublished\":\"2025-02-12T23:28:56+00:00\",\"dateModified\":\"2025-03-21T22:21:47+00:00\",\"breadcrumb\":{\"@id\":\"https:\/\/lutfutatli.com\/en\/orthobiologic-treatments\/#breadcrumb\"},\"inLanguage\":\"en-US\",\"potentialAction\":[{\"@type\":\"ReadAction\",\"target\":[\"https:\/\/lutfutatli.com\/en\/orthobiologic-treatments\/\"]}]},{\"@type\":\"ImageObject\",\"inLanguage\":\"en-US\",\"@id\":\"https:\/\/lutfutatli.com\/en\/orthobiologic-treatments\/#primaryimage\",\"url\":\"https:\/\/lutfutatli.com\/wp-content\/uploads\/2025\/02\/8-1.png\",\"contentUrl\":\"https:\/\/lutfutatli.com\/wp-content\/uploads\/2025\/02\/8-1.png\"},{\"@type\":\"BreadcrumbList\",\"@id\":\"https:\/\/lutfutatli.com\/en\/orthobiologic-treatments\/#breadcrumb\",\"itemListElement\":[{\"@type\":\"ListItem\",\"position\":1,\"name\":\"Anasayfa\",\"item\":\"https:\/\/lutfutatli.com\/en\/\"},{\"@type\":\"ListItem\",\"position\":2,\"name\":\"Orthobiologic Treatments\"}]},{\"@type\":\"WebSite\",\"@id\":\"https:\/\/lutfutatli.com\/#website\",\"url\":\"https:\/\/lutfutatli.com\/\",\"name\":\"Op. Dr. L\u00fctf\u00fc Tatl\u0131\",\"description\":\"\",\"publisher\":{\"@id\":\"https:\/\/lutfutatli.com\/#\/schema\/person\/8d884e2425d848aad76403eedec2939e\"},\"potentialAction\":[{\"@type\":\"SearchAction\",\"target\":{\"@type\":\"EntryPoint\",\"urlTemplate\":\"https:\/\/lutfutatli.com\/?s={search_term_string}\"},\"query-input\":{\"@type\":\"PropertyValueSpecification\",\"valueRequired\":true,\"valueName\":\"search_term_string\"}}],\"inLanguage\":\"en-US\"},{\"@type\":[\"Person\",\"Organization\"],\"@id\":\"https:\/\/lutfutatli.com\/#\/schema\/person\/8d884e2425d848aad76403eedec2939e\",\"name\":\"Op. Dr. L\u00fctf\u00fc Tatl\u0131\",\"image\":{\"@type\":\"ImageObject\",\"inLanguage\":\"en-US\",\"@id\":\"https:\/\/lutfutatli.com\/#\/schema\/person\/image\/\",\"url\":\"https:\/\/lutfutatli.com\/wp-content\/uploads\/2025\/02\/llogo.png\",\"contentUrl\":\"https:\/\/lutfutatli.com\/wp-content\/uploads\/2025\/02\/llogo.png\",\"width\":2420,\"height\":520,\"caption\":\"Op. Dr. L\u00fctf\u00fc Tatl\u0131\"},\"logo\":{\"@id\":\"https:\/\/lutfutatli.com\/#\/schema\/person\/image\/\"},\"sameAs\":[\"https:\/\/lutfutatli.com\",\"https:\/\/www.instagram.com\/drlutfutatli\/\"]}]}<\/script>\n<!-- \/ Yoast SEO plugin. -->","yoast_head_json":{"title":"Orthobiologic Treatments - Op. Dr. L\u00fctf\u00fc Tatl\u0131","robots":{"index":"index","follow":"follow","max-snippet":"max-snippet:-1","max-image-preview":"max-image-preview:large","max-video-preview":"max-video-preview:-1"},"canonical":"https:\/\/lutfutatli.com\/en\/orthobiologic-treatments\/","og_locale":"en_US","og_type":"article","og_title":"Orthobiologic Treatments - Op. Dr. L\u00fctf\u00fc Tatl\u0131","og_description":"Orthobiologic Treatments Orthobiological treatments are biological methods that support the treatment of musculoskeletal diseases by utilizing the body\u2019s own natural healing mechanisms. These treatments are especially applied to accelerate healing and reduce pain in joint disorders, cartilage damage, ligament injuries, and degenerative orthopedic diseases. Methods such as fat tissue injections, bone marrow and cord blood [&hellip;]","og_url":"https:\/\/lutfutatli.com\/en\/orthobiologic-treatments\/","og_site_name":"Op. Dr. L\u00fctf\u00fc Tatl\u0131","article_modified_time":"2025-03-21T22:21:47+00:00","og_image":[{"width":1024,"height":683,"url":"https:\/\/lutfutatli.com\/wp-content\/uploads\/2025\/02\/8-1-1024x683.png","type":"image\/png"}],"twitter_card":"summary_large_image","twitter_misc":{"Est. reading time":"2 minutes"},"schema":{"@context":"https:\/\/schema.org","@graph":[{"@type":"WebPage","@id":"https:\/\/lutfutatli.com\/en\/orthobiologic-treatments\/","url":"https:\/\/lutfutatli.com\/en\/orthobiologic-treatments\/","name":"Orthobiologic Treatments - Op. Dr. L\u00fctf\u00fc Tatl\u0131","isPartOf":{"@id":"https:\/\/lutfutatli.com\/#website"},"primaryImageOfPage":{"@id":"https:\/\/lutfutatli.com\/en\/orthobiologic-treatments\/#primaryimage"},"image":{"@id":"https:\/\/lutfutatli.com\/en\/orthobiologic-treatments\/#primaryimage"},"thumbnailUrl":"https:\/\/lutfutatli.com\/wp-content\/uploads\/2025\/02\/8-1.png","datePublished":"2025-02-12T23:28:56+00:00","dateModified":"2025-03-21T22:21:47+00:00","breadcrumb":{"@id":"https:\/\/lutfutatli.com\/en\/orthobiologic-treatments\/#breadcrumb"},"inLanguage":"en-US","potentialAction":[{"@type":"ReadAction","target":["https:\/\/lutfutatli.com\/en\/orthobiologic-treatments\/"]}]},{"@type":"ImageObject","inLanguage":"en-US","@id":"https:\/\/lutfutatli.com\/en\/orthobiologic-treatments\/#primaryimage","url":"https:\/\/lutfutatli.com\/wp-content\/uploads\/2025\/02\/8-1.png","contentUrl":"https:\/\/lutfutatli.com\/wp-content\/uploads\/2025\/02\/8-1.png"},{"@type":"BreadcrumbList","@id":"https:\/\/lutfutatli.com\/en\/orthobiologic-treatments\/#breadcrumb","itemListElement":[{"@type":"ListItem","position":1,"name":"Anasayfa","item":"https:\/\/lutfutatli.com\/en\/"},{"@type":"ListItem","position":2,"name":"Orthobiologic Treatments"}]},{"@type":"WebSite","@id":"https:\/\/lutfutatli.com\/#website","url":"https:\/\/lutfutatli.com\/","name":"Op. Dr. L\u00fctf\u00fc Tatl\u0131","description":"","publisher":{"@id":"https:\/\/lutfutatli.com\/#\/schema\/person\/8d884e2425d848aad76403eedec2939e"},"potentialAction":[{"@type":"SearchAction","target":{"@type":"EntryPoint","urlTemplate":"https:\/\/lutfutatli.com\/?s={search_term_string}"},"query-input":{"@type":"PropertyValueSpecification","valueRequired":true,"valueName":"search_term_string"}}],"inLanguage":"en-US"},{"@type":["Person","Organization"],"@id":"https:\/\/lutfutatli.com\/#\/schema\/person\/8d884e2425d848aad76403eedec2939e","name":"Op. Dr. L\u00fctf\u00fc Tatl\u0131","image":{"@type":"ImageObject","inLanguage":"en-US","@id":"https:\/\/lutfutatli.com\/#\/schema\/person\/image\/","url":"https:\/\/lutfutatli.com\/wp-content\/uploads\/2025\/02\/llogo.png","contentUrl":"https:\/\/lutfutatli.com\/wp-content\/uploads\/2025\/02\/llogo.png","width":2420,"height":520,"caption":"Op. Dr. L\u00fctf\u00fc Tatl\u0131"},"logo":{"@id":"https:\/\/lutfutatli.com\/#\/schema\/person\/image\/"},"sameAs":["https:\/\/lutfutatli.com","https:\/\/www.instagram.com\/drlutfutatli\/"]}]}},"_links":{"self":[{"href":"https:\/\/lutfutatli.com\/en\/wp-json\/wp\/v2\/pages\/529","targetHints":{"allow":["GET"]}}],"collection":[{"href":"https:\/\/lutfutatli.com\/en\/wp-json\/wp\/v2\/pages"}],"about":[{"href":"https:\/\/lutfutatli.com\/en\/wp-json\/wp\/v2\/types\/page"}],"author":[{"embeddable":true,"href":"https:\/\/lutfutatli.com\/en\/wp-json\/wp\/v2\/users\/1"}],"replies":[{"embeddable":true,"href":"https:\/\/lutfutatli.com\/en\/wp-json\/wp\/v2\/comments?post=529"}],"version-history":[{"count":5,"href":"https:\/\/lutfutatli.com\/en\/wp-json\/wp\/v2\/pages\/529\/revisions"}],"predecessor-version":[{"id":576,"href":"https:\/\/lutfutatli.com\/en\/wp-json\/wp\/v2\/pages\/529\/revisions\/576"}],"wp:attachment":[{"href":"https:\/\/lutfutatli.com\/en\/wp-json\/wp\/v2\/media?parent=529"}],"curies":[{"name":"wp","href":"https:\/\/api.w.org\/{rel}","templated":true}]}}