{"id":523,"date":"2025-02-12T23:26:30","date_gmt":"2025-02-12T23:26:30","guid":{"rendered":"https:\/\/lutfutatli.com\/omurga-cerrahisi-ve-cerrahi-sureci-2\/"},"modified":"2025-03-21T22:20:37","modified_gmt":"2025-03-21T22:20:37","slug":"spinal-surgery-and-surgical-process-2","status":"publish","type":"page","link":"https:\/\/lutfutatli.com\/en\/spinal-surgery-and-surgical-process-2\/","title":{"rendered":"Spinal Surgery and Surgical Process"},"content":{"rendered":"\t\t<div data-elementor-type=\"wp-page\" data-elementor-id=\"523\" class=\"elementor elementor-523\">\n\t\t\t\t\t\t<section class=\"elementor-section elementor-top-section elementor-element elementor-element-10340db6 elementor-section-boxed elementor-section-height-default elementor-section-height-default\" data-id=\"10340db6\" data-element_type=\"section\" data-settings=\"{&quot;background_background&quot;:&quot;classic&quot;}\">\n\t\t\t\t\t\t\t<div class=\"elementor-background-overlay\"><\/div>\n\t\t\t\t\t\t\t<div class=\"elementor-container elementor-column-gap-default\">\n\t\t\t\t\t<div class=\"elementor-column elementor-col-100 elementor-top-column elementor-element elementor-element-c617596\" data-id=\"c617596\" data-element_type=\"column\">\n\t\t\t<div class=\"elementor-widget-wrap elementor-element-populated\">\n\t\t\t\t\t\t<div class=\"elementor-element elementor-element-335456ea elementor-widget elementor-widget-heading\" data-id=\"335456ea\" data-element_type=\"widget\" data-widget_type=\"heading.default\">\n\t\t\t\t<div class=\"elementor-widget-container\">\n\t\t\t\t\t<h2 class=\"elementor-heading-title elementor-size-default\">Spinal Surgery and Surgical Process\n\n<\/h2>\t\t\t\t<\/div>\n\t\t\t\t<\/div>\n\t\t\t\t<div class=\"elementor-element elementor-element-32fb3062 elementor-widget elementor-widget-image\" data-id=\"32fb3062\" data-element_type=\"widget\" data-widget_type=\"image.default\">\n\t\t\t\t<div class=\"elementor-widget-container\">\n\t\t\t\t\t\t\t\t\t\t\t\t\t\t\t<img fetchpriority=\"high\" decoding=\"async\" width=\"3510\" height=\"2340\" src=\"https:\/\/lutfutatli.com\/wp-content\/uploads\/2025\/02\/5.png\" class=\"attachment-full size-full wp-image-129\" alt=\"\" srcset=\"https:\/\/lutfutatli.com\/wp-content\/uploads\/2025\/02\/5.png 3510w, https:\/\/lutfutatli.com\/wp-content\/uploads\/2025\/02\/5-300x200.png 300w, https:\/\/lutfutatli.com\/wp-content\/uploads\/2025\/02\/5-1024x683.png 1024w, https:\/\/lutfutatli.com\/wp-content\/uploads\/2025\/02\/5-768x512.png 768w, https:\/\/lutfutatli.com\/wp-content\/uploads\/2025\/02\/5-1536x1024.png 1536w, https:\/\/lutfutatli.com\/wp-content\/uploads\/2025\/02\/5-2048x1365.png 2048w\" sizes=\"(max-width: 3510px) 100vw, 3510px\" \/>\t\t\t\t\t\t\t\t\t\t\t\t\t\t\t<\/div>\n\t\t\t\t<\/div>\n\t\t\t\t<section class=\"elementor-section elementor-inner-section elementor-element elementor-element-688ab1b elementor-section-boxed elementor-section-height-default elementor-section-height-default\" data-id=\"688ab1b\" data-element_type=\"section\">\n\t\t\t\t\t\t<div class=\"elementor-container elementor-column-gap-default\">\n\t\t\t\t\t<div class=\"elementor-column elementor-col-100 elementor-inner-column elementor-element elementor-element-729434aa\" data-id=\"729434aa\" data-element_type=\"column\">\n\t\t\t<div class=\"elementor-widget-wrap elementor-element-populated\">\n\t\t\t\t\t\t<div class=\"elementor-element elementor-element-17dad04a elementor-widget elementor-widget-text-editor\" data-id=\"17dad04a\" data-element_type=\"widget\" data-widget_type=\"text-editor.default\">\n\t\t\t\t<div class=\"elementor-widget-container\">\n\t\t\t\t\t\t\t\t\t<p>Pediatric Orthopedics and Traumatology is a medical branch that deals with the diagnosis and treatment of congenital or developmental musculoskeletal disorders, trauma, fractures, and deformities. Since children&#8217;s bone and joint structures are different from those of adults, the treatment processes are planned considering growth and developmental factors.<\/p><p>Conditions Treated:<\/p><ul><li>Congenital hip dislocation (Developmental Hip Dysplasia)<\/li><li>Clubfoot (Pes Equinovarus) and flat feet<\/li><li>Height discrepancies and leg deformities<\/li><li>Scoliosis and spinal deformities<\/li><li>Fractures, dislocations, and sports injuries<\/li><li>Movement disorders due to neuromuscular diseases<\/li><\/ul><p>Treatment Process:<\/p><ul><li>Examination and Evaluation: A detailed examination is performed considering the child&#8217;s age, developmental status, and severity of the condition. Diagnostic imaging methods such as X-rays, ultrasound, and MRI are used to confirm the diagnosis.<\/li><li>Treatment Methods: Based on the condition, treatment plans may include casting, orthotics, physical therapy, or surgical intervention. In pediatric patients, surgical treatments are applied with minimally invasive techniques whenever possible.<\/li><li>Post-Surgery Process: In cases requiring surgery, the recovery process is shaped according to the child&#8217;s growth rate and overall health status. Physical therapy and rehabilitation are used to improve the child&#8217;s mobility.<\/li><li>Follow-up and Recovery: Since children continue to grow, regular doctor check-ups are essential. Long-term follow-up is necessary to ensure the treated issue does not recur and the child continues to develop healthily.<\/li><\/ul><p>Pediatric orthopedics plays a critical role in ensuring that children grow and develop healthily and maintain their mobility. With early diagnosis and appropriate treatment, many orthopedic issues can be successfully corrected.<\/p>\t\t\t\t\t\t\t\t<\/div>\n\t\t\t\t<\/div>\n\t\t\t\t<div class=\"elementor-element elementor-element-2d86a176 elementor-widget elementor-widget-spacer\" data-id=\"2d86a176\" data-element_type=\"widget\" data-widget_type=\"spacer.default\">\n\t\t\t\t<div class=\"elementor-widget-container\">\n\t\t\t\t\t\t\t<div class=\"elementor-spacer\">\n\t\t\t<div class=\"elementor-spacer-inner\"><\/div>\n\t\t<\/div>\n\t\t\t\t\t\t<\/div>\n\t\t\t\t<\/div>\n\t\t\t\t\t<\/div>\n\t\t<\/div>\n\t\t\t\t\t<\/div>\n\t\t<\/section>\n\t\t\t\t\t<\/div>\n\t\t<\/div>\n\t\t\t\t\t<\/div>\n\t\t<\/section>\n\t\t\t\t<\/div>\n\t\t","protected":false},"excerpt":{"rendered":"<p>Spinal Surgery and Surgical Process Pediatric Orthopedics and Traumatology is a medical branch that deals with the diagnosis and treatment of congenital or developmental musculoskeletal disorders, trauma, fractures, and deformities. Since children&#8217;s bone and joint structures are different from those of adults, the treatment processes are planned considering growth and developmental factors. Conditions Treated: Congenital [&hellip;]<\/p>\n","protected":false},"author":1,"featured_media":0,"parent":0,"menu_order":0,"comment_status":"closed","ping_status":"closed","template":"elementor_header_footer","meta":{"_joinchat":[],"footnotes":""},"class_list":["post-523","page","type-page","status-publish","hentry"],"yoast_head":"<!-- This site is optimized with the Yoast SEO plugin v26.2 - https:\/\/yoast.com\/wordpress\/plugins\/seo\/ -->\n<title>Spinal Surgery and Surgical Process - Op. Dr. L\u00fctf\u00fc Tatl\u0131<\/title>\n<meta name=\"robots\" content=\"index, follow, max-snippet:-1, max-image-preview:large, max-video-preview:-1\" \/>\n<link rel=\"canonical\" href=\"https:\/\/lutfutatli.com\/en\/spinal-surgery-and-surgical-process-2\/\" \/>\n<meta property=\"og:locale\" content=\"en_US\" \/>\n<meta property=\"og:type\" content=\"article\" \/>\n<meta property=\"og:title\" content=\"Spinal Surgery and Surgical Process - Op. Dr. L\u00fctf\u00fc Tatl\u0131\" \/>\n<meta property=\"og:description\" content=\"Spinal Surgery and Surgical Process Pediatric Orthopedics and Traumatology is a medical branch that deals with the diagnosis and treatment of congenital or developmental musculoskeletal disorders, trauma, fractures, and deformities. Since children&#8217;s bone and joint structures are different from those of adults, the treatment processes are planned considering growth and developmental factors. Conditions Treated: Congenital [&hellip;]\" \/>\n<meta property=\"og:url\" content=\"https:\/\/lutfutatli.com\/en\/spinal-surgery-and-surgical-process-2\/\" \/>\n<meta property=\"og:site_name\" content=\"Op. Dr. L\u00fctf\u00fc Tatl\u0131\" \/>\n<meta property=\"article:modified_time\" content=\"2025-03-21T22:20:37+00:00\" \/>\n<meta property=\"og:image\" content=\"https:\/\/lutfutatli.com\/wp-content\/uploads\/2025\/02\/5-1024x683.png\" \/>\n\t<meta property=\"og:image:width\" content=\"1024\" \/>\n\t<meta property=\"og:image:height\" content=\"683\" \/>\n\t<meta property=\"og:image:type\" content=\"image\/png\" \/>\n<meta name=\"twitter:card\" content=\"summary_large_image\" \/>\n<meta name=\"twitter:label1\" content=\"Est. reading time\" \/>\n\t<meta name=\"twitter:data1\" content=\"1 minute\" \/>\n<script type=\"application\/ld+json\" class=\"yoast-schema-graph\">{\"@context\":\"https:\/\/schema.org\",\"@graph\":[{\"@type\":\"WebPage\",\"@id\":\"https:\/\/lutfutatli.com\/en\/spinal-surgery-and-surgical-process-2\/\",\"url\":\"https:\/\/lutfutatli.com\/en\/spinal-surgery-and-surgical-process-2\/\",\"name\":\"Spinal Surgery and Surgical Process - Op. Dr. L\u00fctf\u00fc Tatl\u0131\",\"isPartOf\":{\"@id\":\"https:\/\/lutfutatli.com\/#website\"},\"primaryImageOfPage\":{\"@id\":\"https:\/\/lutfutatli.com\/en\/spinal-surgery-and-surgical-process-2\/#primaryimage\"},\"image\":{\"@id\":\"https:\/\/lutfutatli.com\/en\/spinal-surgery-and-surgical-process-2\/#primaryimage\"},\"thumbnailUrl\":\"https:\/\/lutfutatli.com\/wp-content\/uploads\/2025\/02\/5.png\",\"datePublished\":\"2025-02-12T23:26:30+00:00\",\"dateModified\":\"2025-03-21T22:20:37+00:00\",\"breadcrumb\":{\"@id\":\"https:\/\/lutfutatli.com\/en\/spinal-surgery-and-surgical-process-2\/#breadcrumb\"},\"inLanguage\":\"en-US\",\"potentialAction\":[{\"@type\":\"ReadAction\",\"target\":[\"https:\/\/lutfutatli.com\/en\/spinal-surgery-and-surgical-process-2\/\"]}]},{\"@type\":\"ImageObject\",\"inLanguage\":\"en-US\",\"@id\":\"https:\/\/lutfutatli.com\/en\/spinal-surgery-and-surgical-process-2\/#primaryimage\",\"url\":\"https:\/\/lutfutatli.com\/wp-content\/uploads\/2025\/02\/5.png\",\"contentUrl\":\"https:\/\/lutfutatli.com\/wp-content\/uploads\/2025\/02\/5.png\"},{\"@type\":\"BreadcrumbList\",\"@id\":\"https:\/\/lutfutatli.com\/en\/spinal-surgery-and-surgical-process-2\/#breadcrumb\",\"itemListElement\":[{\"@type\":\"ListItem\",\"position\":1,\"name\":\"Anasayfa\",\"item\":\"https:\/\/lutfutatli.com\/en\/\"},{\"@type\":\"ListItem\",\"position\":2,\"name\":\"Spinal Surgery and Surgical Process\"}]},{\"@type\":\"WebSite\",\"@id\":\"https:\/\/lutfutatli.com\/#website\",\"url\":\"https:\/\/lutfutatli.com\/\",\"name\":\"Op. Dr. L\u00fctf\u00fc Tatl\u0131\",\"description\":\"\",\"publisher\":{\"@id\":\"https:\/\/lutfutatli.com\/#\/schema\/person\/8d884e2425d848aad76403eedec2939e\"},\"potentialAction\":[{\"@type\":\"SearchAction\",\"target\":{\"@type\":\"EntryPoint\",\"urlTemplate\":\"https:\/\/lutfutatli.com\/?s={search_term_string}\"},\"query-input\":{\"@type\":\"PropertyValueSpecification\",\"valueRequired\":true,\"valueName\":\"search_term_string\"}}],\"inLanguage\":\"en-US\"},{\"@type\":[\"Person\",\"Organization\"],\"@id\":\"https:\/\/lutfutatli.com\/#\/schema\/person\/8d884e2425d848aad76403eedec2939e\",\"name\":\"Op. Dr. L\u00fctf\u00fc Tatl\u0131\",\"image\":{\"@type\":\"ImageObject\",\"inLanguage\":\"en-US\",\"@id\":\"https:\/\/lutfutatli.com\/#\/schema\/person\/image\/\",\"url\":\"https:\/\/lutfutatli.com\/wp-content\/uploads\/2025\/02\/llogo.png\",\"contentUrl\":\"https:\/\/lutfutatli.com\/wp-content\/uploads\/2025\/02\/llogo.png\",\"width\":2420,\"height\":520,\"caption\":\"Op. Dr. L\u00fctf\u00fc Tatl\u0131\"},\"logo\":{\"@id\":\"https:\/\/lutfutatli.com\/#\/schema\/person\/image\/\"},\"sameAs\":[\"https:\/\/lutfutatli.com\",\"https:\/\/www.instagram.com\/drlutfutatli\/\"]}]}<\/script>\n<!-- \/ Yoast SEO plugin. -->","yoast_head_json":{"title":"Spinal Surgery and Surgical Process - Op. Dr. L\u00fctf\u00fc Tatl\u0131","robots":{"index":"index","follow":"follow","max-snippet":"max-snippet:-1","max-image-preview":"max-image-preview:large","max-video-preview":"max-video-preview:-1"},"canonical":"https:\/\/lutfutatli.com\/en\/spinal-surgery-and-surgical-process-2\/","og_locale":"en_US","og_type":"article","og_title":"Spinal Surgery and Surgical Process - Op. Dr. L\u00fctf\u00fc Tatl\u0131","og_description":"Spinal Surgery and Surgical Process Pediatric Orthopedics and Traumatology is a medical branch that deals with the diagnosis and treatment of congenital or developmental musculoskeletal disorders, trauma, fractures, and deformities. Since children&#8217;s bone and joint structures are different from those of adults, the treatment processes are planned considering growth and developmental factors. Conditions Treated: Congenital [&hellip;]","og_url":"https:\/\/lutfutatli.com\/en\/spinal-surgery-and-surgical-process-2\/","og_site_name":"Op. Dr. L\u00fctf\u00fc Tatl\u0131","article_modified_time":"2025-03-21T22:20:37+00:00","og_image":[{"width":1024,"height":683,"url":"https:\/\/lutfutatli.com\/wp-content\/uploads\/2025\/02\/5-1024x683.png","type":"image\/png"}],"twitter_card":"summary_large_image","twitter_misc":{"Est. reading time":"1 minute"},"schema":{"@context":"https:\/\/schema.org","@graph":[{"@type":"WebPage","@id":"https:\/\/lutfutatli.com\/en\/spinal-surgery-and-surgical-process-2\/","url":"https:\/\/lutfutatli.com\/en\/spinal-surgery-and-surgical-process-2\/","name":"Spinal Surgery and Surgical Process - Op. Dr. L\u00fctf\u00fc Tatl\u0131","isPartOf":{"@id":"https:\/\/lutfutatli.com\/#website"},"primaryImageOfPage":{"@id":"https:\/\/lutfutatli.com\/en\/spinal-surgery-and-surgical-process-2\/#primaryimage"},"image":{"@id":"https:\/\/lutfutatli.com\/en\/spinal-surgery-and-surgical-process-2\/#primaryimage"},"thumbnailUrl":"https:\/\/lutfutatli.com\/wp-content\/uploads\/2025\/02\/5.png","datePublished":"2025-02-12T23:26:30+00:00","dateModified":"2025-03-21T22:20:37+00:00","breadcrumb":{"@id":"https:\/\/lutfutatli.com\/en\/spinal-surgery-and-surgical-process-2\/#breadcrumb"},"inLanguage":"en-US","potentialAction":[{"@type":"ReadAction","target":["https:\/\/lutfutatli.com\/en\/spinal-surgery-and-surgical-process-2\/"]}]},{"@type":"ImageObject","inLanguage":"en-US","@id":"https:\/\/lutfutatli.com\/en\/spinal-surgery-and-surgical-process-2\/#primaryimage","url":"https:\/\/lutfutatli.com\/wp-content\/uploads\/2025\/02\/5.png","contentUrl":"https:\/\/lutfutatli.com\/wp-content\/uploads\/2025\/02\/5.png"},{"@type":"BreadcrumbList","@id":"https:\/\/lutfutatli.com\/en\/spinal-surgery-and-surgical-process-2\/#breadcrumb","itemListElement":[{"@type":"ListItem","position":1,"name":"Anasayfa","item":"https:\/\/lutfutatli.com\/en\/"},{"@type":"ListItem","position":2,"name":"Spinal Surgery and Surgical Process"}]},{"@type":"WebSite","@id":"https:\/\/lutfutatli.com\/#website","url":"https:\/\/lutfutatli.com\/","name":"Op. Dr. L\u00fctf\u00fc Tatl\u0131","description":"","publisher":{"@id":"https:\/\/lutfutatli.com\/#\/schema\/person\/8d884e2425d848aad76403eedec2939e"},"potentialAction":[{"@type":"SearchAction","target":{"@type":"EntryPoint","urlTemplate":"https:\/\/lutfutatli.com\/?s={search_term_string}"},"query-input":{"@type":"PropertyValueSpecification","valueRequired":true,"valueName":"search_term_string"}}],"inLanguage":"en-US"},{"@type":["Person","Organization"],"@id":"https:\/\/lutfutatli.com\/#\/schema\/person\/8d884e2425d848aad76403eedec2939e","name":"Op. Dr. L\u00fctf\u00fc Tatl\u0131","image":{"@type":"ImageObject","inLanguage":"en-US","@id":"https:\/\/lutfutatli.com\/#\/schema\/person\/image\/","url":"https:\/\/lutfutatli.com\/wp-content\/uploads\/2025\/02\/llogo.png","contentUrl":"https:\/\/lutfutatli.com\/wp-content\/uploads\/2025\/02\/llogo.png","width":2420,"height":520,"caption":"Op. Dr. L\u00fctf\u00fc Tatl\u0131"},"logo":{"@id":"https:\/\/lutfutatli.com\/#\/schema\/person\/image\/"},"sameAs":["https:\/\/lutfutatli.com","https:\/\/www.instagram.com\/drlutfutatli\/"]}]}},"_links":{"self":[{"href":"https:\/\/lutfutatli.com\/en\/wp-json\/wp\/v2\/pages\/523","targetHints":{"allow":["GET"]}}],"collection":[{"href":"https:\/\/lutfutatli.com\/en\/wp-json\/wp\/v2\/pages"}],"about":[{"href":"https:\/\/lutfutatli.com\/en\/wp-json\/wp\/v2\/types\/page"}],"author":[{"embeddable":true,"href":"https:\/\/lutfutatli.com\/en\/wp-json\/wp\/v2\/users\/1"}],"replies":[{"embeddable":true,"href":"https:\/\/lutfutatli.com\/en\/wp-json\/wp\/v2\/comments?post=523"}],"version-history":[{"count":5,"href":"https:\/\/lutfutatli.com\/en\/wp-json\/wp\/v2\/pages\/523\/revisions"}],"predecessor-version":[{"id":572,"href":"https:\/\/lutfutatli.com\/en\/wp-json\/wp\/v2\/pages\/523\/revisions\/572"}],"wp:attachment":[{"href":"https:\/\/lutfutatli.com\/en\/wp-json\/wp\/v2\/media?parent=523"}],"curies":[{"name":"wp","href":"https:\/\/api.w.org\/{rel}","templated":true}]}}