{"id":502,"date":"2025-02-12T23:27:25","date_gmt":"2025-02-12T23:27:25","guid":{"rendered":"https:\/\/lutfutatli.com\/deformite-cerrahisi-ve-cerrahi-sureci\/"},"modified":"2025-03-21T22:15:04","modified_gmt":"2025-03-21T22:15:04","slug":"deformity-surgery-and-surgical-process","status":"publish","type":"page","link":"https:\/\/lutfutatli.com\/en\/deformity-surgery-and-surgical-process\/","title":{"rendered":"Deformity Surgery and Surgical Process"},"content":{"rendered":"\t\t<div data-elementor-type=\"wp-page\" data-elementor-id=\"502\" class=\"elementor elementor-502\">\n\t\t\t\t\t\t<section class=\"elementor-section elementor-top-section elementor-element elementor-element-cbfa8b8 elementor-section-boxed elementor-section-height-default elementor-section-height-default\" data-id=\"cbfa8b8\" data-element_type=\"section\" data-settings=\"{&quot;background_background&quot;:&quot;classic&quot;}\">\n\t\t\t\t\t\t\t<div class=\"elementor-background-overlay\"><\/div>\n\t\t\t\t\t\t\t<div class=\"elementor-container elementor-column-gap-default\">\n\t\t\t\t\t<div class=\"elementor-column elementor-col-100 elementor-top-column elementor-element elementor-element-7d8ac8c4\" data-id=\"7d8ac8c4\" data-element_type=\"column\">\n\t\t\t<div class=\"elementor-widget-wrap elementor-element-populated\">\n\t\t\t\t\t\t<div class=\"elementor-element elementor-element-32897af2 elementor-widget elementor-widget-heading\" data-id=\"32897af2\" data-element_type=\"widget\" data-widget_type=\"heading.default\">\n\t\t\t\t<div class=\"elementor-widget-container\">\n\t\t\t\t\t<h2 class=\"elementor-heading-title elementor-size-default\">Deformity Surgery and Surgical Process<\/h2>\t\t\t\t<\/div>\n\t\t\t\t<\/div>\n\t\t\t\t<div class=\"elementor-element elementor-element-31bfe34e elementor-widget elementor-widget-image\" data-id=\"31bfe34e\" data-element_type=\"widget\" data-widget_type=\"image.default\">\n\t\t\t\t<div class=\"elementor-widget-container\">\n\t\t\t\t\t\t\t\t\t\t\t\t\t\t\t<img fetchpriority=\"high\" decoding=\"async\" width=\"3510\" height=\"2340\" src=\"https:\/\/lutfutatli.com\/wp-content\/uploads\/2025\/02\/6-2.png\" class=\"attachment-full size-full wp-image-130\" alt=\"\" srcset=\"https:\/\/lutfutatli.com\/wp-content\/uploads\/2025\/02\/6-2.png 3510w, https:\/\/lutfutatli.com\/wp-content\/uploads\/2025\/02\/6-2-300x200.png 300w, https:\/\/lutfutatli.com\/wp-content\/uploads\/2025\/02\/6-2-1024x683.png 1024w, https:\/\/lutfutatli.com\/wp-content\/uploads\/2025\/02\/6-2-768x512.png 768w, https:\/\/lutfutatli.com\/wp-content\/uploads\/2025\/02\/6-2-1536x1024.png 1536w, https:\/\/lutfutatli.com\/wp-content\/uploads\/2025\/02\/6-2-2048x1365.png 2048w\" sizes=\"(max-width: 3510px) 100vw, 3510px\" \/>\t\t\t\t\t\t\t\t\t\t\t\t\t\t\t<\/div>\n\t\t\t\t<\/div>\n\t\t\t\t<section class=\"elementor-section elementor-inner-section elementor-element elementor-element-5d2cfe98 elementor-section-boxed elementor-section-height-default elementor-section-height-default\" data-id=\"5d2cfe98\" data-element_type=\"section\">\n\t\t\t\t\t\t<div class=\"elementor-container elementor-column-gap-default\">\n\t\t\t\t\t<div class=\"elementor-column elementor-col-100 elementor-inner-column elementor-element elementor-element-5a473f8\" data-id=\"5a473f8\" data-element_type=\"column\">\n\t\t\t<div class=\"elementor-widget-wrap elementor-element-populated\">\n\t\t\t\t\t\t<div class=\"elementor-element elementor-element-3de89251 elementor-widget elementor-widget-text-editor\" data-id=\"3de89251\" data-element_type=\"widget\" data-widget_type=\"text-editor.default\">\n\t\t\t\t<div class=\"elementor-widget-container\">\n\t\t\t\t\t\t\t\t\t<p>Deformity surgery is a surgical treatment method used to correct congenital or acquired bone and joint deformities. Congenital anomalies, deformities after trauma, developmental disorders, and shape defects caused by musculoskeletal diseases can negatively affect a person&#8217;s mobility and quality of life. Deformity surgery aims to provide the patient with a healthier life from both a functional and aesthetic perspective.<\/p><p><strong>Surgical Process:<\/strong><\/p><ul><li><p><strong>Examination and Diagnosis:<\/strong> The causes and degree of the patient&#8217;s deformity are evaluated in detail. Surgical planning is made using imaging methods such as X-ray, MRI, and CT scans.<\/p><\/li><li><p><strong>Surgical Planning:<\/strong> A personalized surgical strategy is determined based on the type of deformity. In necessary cases, external fixators, osteotomy (bone correction), plate-screw systems, or prosthetic applications are planned.<\/p><\/li><li><p><strong>Surgery:<\/strong> The duration of the operation, performed under general anesthesia, may vary depending on the type of deformity and the correction method. Modern surgical techniques prefer the least invasive methods possible.<\/p><\/li><li><p><strong>Post-Surgery Process:<\/strong> Patients are typically monitored in the hospital for several days. Physical therapy and rehabilitation are crucial for increasing the success of the surgery and restoring mobility.<\/p><\/li><li><p><strong>Recovery Process:<\/strong> The recovery period may range from a few weeks to several months, depending on the type of deformity. Regular doctor check-ups are necessary to monitor the patient&#8217;s condition and ensure the best possible outcome.<\/p><\/li><\/ul><p>Deformity surgery is an important treatment method for enabling individuals to lead a more comfortable and pain-free daily life. Personalized surgical procedures aim to help patients achieve a healthy and balanced skeletal structure.<\/p>\t\t\t\t\t\t\t\t<\/div>\n\t\t\t\t<\/div>\n\t\t\t\t<div class=\"elementor-element elementor-element-4b4c3444 elementor-widget elementor-widget-spacer\" data-id=\"4b4c3444\" data-element_type=\"widget\" data-widget_type=\"spacer.default\">\n\t\t\t\t<div class=\"elementor-widget-container\">\n\t\t\t\t\t\t\t<div class=\"elementor-spacer\">\n\t\t\t<div class=\"elementor-spacer-inner\"><\/div>\n\t\t<\/div>\n\t\t\t\t\t\t<\/div>\n\t\t\t\t<\/div>\n\t\t\t\t\t<\/div>\n\t\t<\/div>\n\t\t\t\t\t<\/div>\n\t\t<\/section>\n\t\t\t\t\t<\/div>\n\t\t<\/div>\n\t\t\t\t\t<\/div>\n\t\t<\/section>\n\t\t\t\t<\/div>\n\t\t","protected":false},"excerpt":{"rendered":"<p>Deformity Surgery and Surgical Process Deformity surgery is a surgical treatment method used to correct congenital or acquired bone and joint deformities. Congenital anomalies, deformities after trauma, developmental disorders, and shape defects caused by musculoskeletal diseases can negatively affect a person&#8217;s mobility and quality of life. Deformity surgery aims to provide the patient with a [&hellip;]<\/p>\n","protected":false},"author":1,"featured_media":0,"parent":0,"menu_order":0,"comment_status":"closed","ping_status":"closed","template":"elementor_header_footer","meta":{"_joinchat":[],"footnotes":""},"class_list":["post-502","page","type-page","status-publish","hentry"],"yoast_head":"<!-- This site is optimized with the Yoast SEO plugin v26.2 - https:\/\/yoast.com\/wordpress\/plugins\/seo\/ -->\n<title>Deformity Surgery and Surgical Process - Op. Dr. L\u00fctf\u00fc Tatl\u0131<\/title>\n<meta name=\"robots\" content=\"index, follow, max-snippet:-1, max-image-preview:large, max-video-preview:-1\" \/>\n<link rel=\"canonical\" href=\"https:\/\/lutfutatli.com\/en\/deformity-surgery-and-surgical-process\/\" \/>\n<meta property=\"og:locale\" content=\"en_US\" \/>\n<meta property=\"og:type\" content=\"article\" \/>\n<meta property=\"og:title\" content=\"Deformity Surgery and Surgical Process - Op. Dr. L\u00fctf\u00fc Tatl\u0131\" \/>\n<meta property=\"og:description\" content=\"Deformity Surgery and Surgical Process Deformity surgery is a surgical treatment method used to correct congenital or acquired bone and joint deformities. Congenital anomalies, deformities after trauma, developmental disorders, and shape defects caused by musculoskeletal diseases can negatively affect a person&#8217;s mobility and quality of life. Deformity surgery aims to provide the patient with a [&hellip;]\" \/>\n<meta property=\"og:url\" content=\"https:\/\/lutfutatli.com\/en\/deformity-surgery-and-surgical-process\/\" \/>\n<meta property=\"og:site_name\" content=\"Op. Dr. L\u00fctf\u00fc Tatl\u0131\" \/>\n<meta property=\"article:modified_time\" content=\"2025-03-21T22:15:04+00:00\" \/>\n<meta property=\"og:image\" content=\"https:\/\/lutfutatli.com\/wp-content\/uploads\/2025\/02\/6-2-1024x683.png\" \/>\n\t<meta property=\"og:image:width\" content=\"1024\" \/>\n\t<meta property=\"og:image:height\" content=\"683\" \/>\n\t<meta property=\"og:image:type\" content=\"image\/png\" \/>\n<meta name=\"twitter:card\" content=\"summary_large_image\" \/>\n<meta name=\"twitter:label1\" content=\"Est. reading time\" \/>\n\t<meta name=\"twitter:data1\" content=\"1 minute\" \/>\n<script type=\"application\/ld+json\" class=\"yoast-schema-graph\">{\"@context\":\"https:\/\/schema.org\",\"@graph\":[{\"@type\":\"WebPage\",\"@id\":\"https:\/\/lutfutatli.com\/en\/deformity-surgery-and-surgical-process\/\",\"url\":\"https:\/\/lutfutatli.com\/en\/deformity-surgery-and-surgical-process\/\",\"name\":\"Deformity Surgery and Surgical Process - Op. Dr. L\u00fctf\u00fc Tatl\u0131\",\"isPartOf\":{\"@id\":\"https:\/\/lutfutatli.com\/#website\"},\"primaryImageOfPage\":{\"@id\":\"https:\/\/lutfutatli.com\/en\/deformity-surgery-and-surgical-process\/#primaryimage\"},\"image\":{\"@id\":\"https:\/\/lutfutatli.com\/en\/deformity-surgery-and-surgical-process\/#primaryimage\"},\"thumbnailUrl\":\"https:\/\/lutfutatli.com\/wp-content\/uploads\/2025\/02\/6-2.png\",\"datePublished\":\"2025-02-12T23:27:25+00:00\",\"dateModified\":\"2025-03-21T22:15:04+00:00\",\"breadcrumb\":{\"@id\":\"https:\/\/lutfutatli.com\/en\/deformity-surgery-and-surgical-process\/#breadcrumb\"},\"inLanguage\":\"en-US\",\"potentialAction\":[{\"@type\":\"ReadAction\",\"target\":[\"https:\/\/lutfutatli.com\/en\/deformity-surgery-and-surgical-process\/\"]}]},{\"@type\":\"ImageObject\",\"inLanguage\":\"en-US\",\"@id\":\"https:\/\/lutfutatli.com\/en\/deformity-surgery-and-surgical-process\/#primaryimage\",\"url\":\"https:\/\/lutfutatli.com\/wp-content\/uploads\/2025\/02\/6-2.png\",\"contentUrl\":\"https:\/\/lutfutatli.com\/wp-content\/uploads\/2025\/02\/6-2.png\"},{\"@type\":\"BreadcrumbList\",\"@id\":\"https:\/\/lutfutatli.com\/en\/deformity-surgery-and-surgical-process\/#breadcrumb\",\"itemListElement\":[{\"@type\":\"ListItem\",\"position\":1,\"name\":\"Anasayfa\",\"item\":\"https:\/\/lutfutatli.com\/en\/\"},{\"@type\":\"ListItem\",\"position\":2,\"name\":\"Deformity Surgery and Surgical Process\"}]},{\"@type\":\"WebSite\",\"@id\":\"https:\/\/lutfutatli.com\/#website\",\"url\":\"https:\/\/lutfutatli.com\/\",\"name\":\"Op. Dr. L\u00fctf\u00fc Tatl\u0131\",\"description\":\"\",\"publisher\":{\"@id\":\"https:\/\/lutfutatli.com\/#\/schema\/person\/8d884e2425d848aad76403eedec2939e\"},\"potentialAction\":[{\"@type\":\"SearchAction\",\"target\":{\"@type\":\"EntryPoint\",\"urlTemplate\":\"https:\/\/lutfutatli.com\/?s={search_term_string}\"},\"query-input\":{\"@type\":\"PropertyValueSpecification\",\"valueRequired\":true,\"valueName\":\"search_term_string\"}}],\"inLanguage\":\"en-US\"},{\"@type\":[\"Person\",\"Organization\"],\"@id\":\"https:\/\/lutfutatli.com\/#\/schema\/person\/8d884e2425d848aad76403eedec2939e\",\"name\":\"Op. Dr. L\u00fctf\u00fc Tatl\u0131\",\"image\":{\"@type\":\"ImageObject\",\"inLanguage\":\"en-US\",\"@id\":\"https:\/\/lutfutatli.com\/#\/schema\/person\/image\/\",\"url\":\"https:\/\/lutfutatli.com\/wp-content\/uploads\/2025\/02\/llogo.png\",\"contentUrl\":\"https:\/\/lutfutatli.com\/wp-content\/uploads\/2025\/02\/llogo.png\",\"width\":2420,\"height\":520,\"caption\":\"Op. Dr. L\u00fctf\u00fc Tatl\u0131\"},\"logo\":{\"@id\":\"https:\/\/lutfutatli.com\/#\/schema\/person\/image\/\"},\"sameAs\":[\"https:\/\/lutfutatli.com\",\"https:\/\/www.instagram.com\/drlutfutatli\/\"]}]}<\/script>\n<!-- \/ Yoast SEO plugin. -->","yoast_head_json":{"title":"Deformity Surgery and Surgical Process - Op. Dr. L\u00fctf\u00fc Tatl\u0131","robots":{"index":"index","follow":"follow","max-snippet":"max-snippet:-1","max-image-preview":"max-image-preview:large","max-video-preview":"max-video-preview:-1"},"canonical":"https:\/\/lutfutatli.com\/en\/deformity-surgery-and-surgical-process\/","og_locale":"en_US","og_type":"article","og_title":"Deformity Surgery and Surgical Process - Op. Dr. L\u00fctf\u00fc Tatl\u0131","og_description":"Deformity Surgery and Surgical Process Deformity surgery is a surgical treatment method used to correct congenital or acquired bone and joint deformities. Congenital anomalies, deformities after trauma, developmental disorders, and shape defects caused by musculoskeletal diseases can negatively affect a person&#8217;s mobility and quality of life. Deformity surgery aims to provide the patient with a [&hellip;]","og_url":"https:\/\/lutfutatli.com\/en\/deformity-surgery-and-surgical-process\/","og_site_name":"Op. Dr. L\u00fctf\u00fc Tatl\u0131","article_modified_time":"2025-03-21T22:15:04+00:00","og_image":[{"width":1024,"height":683,"url":"https:\/\/lutfutatli.com\/wp-content\/uploads\/2025\/02\/6-2-1024x683.png","type":"image\/png"}],"twitter_card":"summary_large_image","twitter_misc":{"Est. reading time":"1 minute"},"schema":{"@context":"https:\/\/schema.org","@graph":[{"@type":"WebPage","@id":"https:\/\/lutfutatli.com\/en\/deformity-surgery-and-surgical-process\/","url":"https:\/\/lutfutatli.com\/en\/deformity-surgery-and-surgical-process\/","name":"Deformity Surgery and Surgical Process - Op. Dr. L\u00fctf\u00fc Tatl\u0131","isPartOf":{"@id":"https:\/\/lutfutatli.com\/#website"},"primaryImageOfPage":{"@id":"https:\/\/lutfutatli.com\/en\/deformity-surgery-and-surgical-process\/#primaryimage"},"image":{"@id":"https:\/\/lutfutatli.com\/en\/deformity-surgery-and-surgical-process\/#primaryimage"},"thumbnailUrl":"https:\/\/lutfutatli.com\/wp-content\/uploads\/2025\/02\/6-2.png","datePublished":"2025-02-12T23:27:25+00:00","dateModified":"2025-03-21T22:15:04+00:00","breadcrumb":{"@id":"https:\/\/lutfutatli.com\/en\/deformity-surgery-and-surgical-process\/#breadcrumb"},"inLanguage":"en-US","potentialAction":[{"@type":"ReadAction","target":["https:\/\/lutfutatli.com\/en\/deformity-surgery-and-surgical-process\/"]}]},{"@type":"ImageObject","inLanguage":"en-US","@id":"https:\/\/lutfutatli.com\/en\/deformity-surgery-and-surgical-process\/#primaryimage","url":"https:\/\/lutfutatli.com\/wp-content\/uploads\/2025\/02\/6-2.png","contentUrl":"https:\/\/lutfutatli.com\/wp-content\/uploads\/2025\/02\/6-2.png"},{"@type":"BreadcrumbList","@id":"https:\/\/lutfutatli.com\/en\/deformity-surgery-and-surgical-process\/#breadcrumb","itemListElement":[{"@type":"ListItem","position":1,"name":"Anasayfa","item":"https:\/\/lutfutatli.com\/en\/"},{"@type":"ListItem","position":2,"name":"Deformity Surgery and Surgical Process"}]},{"@type":"WebSite","@id":"https:\/\/lutfutatli.com\/#website","url":"https:\/\/lutfutatli.com\/","name":"Op. Dr. L\u00fctf\u00fc Tatl\u0131","description":"","publisher":{"@id":"https:\/\/lutfutatli.com\/#\/schema\/person\/8d884e2425d848aad76403eedec2939e"},"potentialAction":[{"@type":"SearchAction","target":{"@type":"EntryPoint","urlTemplate":"https:\/\/lutfutatli.com\/?s={search_term_string}"},"query-input":{"@type":"PropertyValueSpecification","valueRequired":true,"valueName":"search_term_string"}}],"inLanguage":"en-US"},{"@type":["Person","Organization"],"@id":"https:\/\/lutfutatli.com\/#\/schema\/person\/8d884e2425d848aad76403eedec2939e","name":"Op. Dr. L\u00fctf\u00fc Tatl\u0131","image":{"@type":"ImageObject","inLanguage":"en-US","@id":"https:\/\/lutfutatli.com\/#\/schema\/person\/image\/","url":"https:\/\/lutfutatli.com\/wp-content\/uploads\/2025\/02\/llogo.png","contentUrl":"https:\/\/lutfutatli.com\/wp-content\/uploads\/2025\/02\/llogo.png","width":2420,"height":520,"caption":"Op. Dr. L\u00fctf\u00fc Tatl\u0131"},"logo":{"@id":"https:\/\/lutfutatli.com\/#\/schema\/person\/image\/"},"sameAs":["https:\/\/lutfutatli.com","https:\/\/www.instagram.com\/drlutfutatli\/"]}]}},"_links":{"self":[{"href":"https:\/\/lutfutatli.com\/en\/wp-json\/wp\/v2\/pages\/502","targetHints":{"allow":["GET"]}}],"collection":[{"href":"https:\/\/lutfutatli.com\/en\/wp-json\/wp\/v2\/pages"}],"about":[{"href":"https:\/\/lutfutatli.com\/en\/wp-json\/wp\/v2\/types\/page"}],"author":[{"embeddable":true,"href":"https:\/\/lutfutatli.com\/en\/wp-json\/wp\/v2\/users\/1"}],"replies":[{"embeddable":true,"href":"https:\/\/lutfutatli.com\/en\/wp-json\/wp\/v2\/comments?post=502"}],"version-history":[{"count":5,"href":"https:\/\/lutfutatli.com\/en\/wp-json\/wp\/v2\/pages\/502\/revisions"}],"predecessor-version":[{"id":556,"href":"https:\/\/lutfutatli.com\/en\/wp-json\/wp\/v2\/pages\/502\/revisions\/556"}],"wp:attachment":[{"href":"https:\/\/lutfutatli.com\/en\/wp-json\/wp\/v2\/media?parent=502"}],"curies":[{"name":"wp","href":"https:\/\/api.w.org\/{rel}","templated":true}]}}